{"id":644,"date":"2025-10-03T15:17:00","date_gmt":"2025-10-03T13:17:00","guid":{"rendered":"https:\/\/asesoriagoep.com\/?page_id=644"},"modified":"2025-10-07T13:16:44","modified_gmt":"2025-10-07T11:16:44","slug":"aviso-legal","status":"publish","type":"page","link":"https:\/\/asesoriagoep.com\/ca\/aviso-legal\/","title":{"rendered":"Av\u00eds legal"},"content":{"rendered":"\t\t<div data-elementor-type=\"wp-page\" data-elementor-id=\"644\" class=\"elementor elementor-644\" data-elementor-post-type=\"page\">\n\t\t\t\t\t\t<section class=\"elementor-section elementor-top-section elementor-element elementor-element-0dce320 elementor-section-content-space-evenly elementor-section-boxed elementor-section-height-default elementor-section-height-default\" data-id=\"0dce320\" data-element_type=\"section\" data-e-type=\"section\" data-settings=\"{&quot;background_background&quot;:&quot;classic&quot;,&quot;ekit_has_onepagescroll_dot&quot;:&quot;yes&quot;}\">\n\t\t\t\t\t\t<div class=\"elementor-container elementor-column-gap-default\">\n\t\t\t\t\t<div class=\"elementor-column elementor-col-100 elementor-top-column elementor-element elementor-element-28d269d\" data-id=\"28d269d\" data-element_type=\"column\" data-e-type=\"column\" data-settings=\"{&quot;background_background&quot;:&quot;classic&quot;}\">\n\t\t\t<div class=\"elementor-widget-wrap elementor-element-populated\">\n\t\t\t\t\t\t<div class=\"elementor-element elementor-element-f810453 elementor-widget elementor-widget-spacer\" data-id=\"f810453\" data-element_type=\"widget\" data-e-type=\"widget\" data-settings=\"{&quot;ekit_we_effect_on&quot;:&quot;none&quot;}\" data-widget_type=\"spacer.default\">\n\t\t\t\t\t\t\t<div class=\"elementor-spacer\">\n\t\t\t<div class=\"elementor-spacer-inner\"><\/div>\n\t\t<\/div>\n\t\t\t\t\t\t<\/div>\n\t\t\t\t<div class=\"elementor-element elementor-element-a30aa90 elementor-widget elementor-widget-heading\" data-id=\"a30aa90\" data-element_type=\"widget\" data-e-type=\"widget\" data-settings=\"{&quot;ekit_we_effect_on&quot;:&quot;none&quot;}\" data-widget_type=\"heading.default\">\n\t\t\t\t\t<h6 class=\"elementor-heading-title elementor-size-default\">Asesor\u00eda GOEP<\/h6>\t\t\t\t<\/div>\n\t\t\t\t<div class=\"elementor-element elementor-element-db743d7 elementor-widget-divider--view-line elementor-widget elementor-widget-divider\" data-id=\"db743d7\" data-element_type=\"widget\" data-e-type=\"widget\" data-settings=\"{&quot;ekit_we_effect_on&quot;:&quot;none&quot;}\" data-widget_type=\"divider.default\">\n\t\t\t\t\t\t\t<div class=\"elementor-divider\">\n\t\t\t<span class=\"elementor-divider-separator\">\n\t\t\t\t\t\t<\/span>\n\t\t<\/div>\n\t\t\t\t\t\t<\/div>\n\t\t\t\t<div class=\"elementor-element elementor-element-a8ff4a4 elementor-widget elementor-widget-heading\" data-id=\"a8ff4a4\" data-element_type=\"widget\" data-e-type=\"widget\" data-settings=\"{&quot;ekit_we_effect_on&quot;:&quot;none&quot;}\" data-widget_type=\"heading.default\">\n\t\t\t\t\t<h1 class=\"elementor-heading-title elementor-size-default\">Aviso Legal<\/h1>\t\t\t\t<\/div>\n\t\t\t\t<div class=\"elementor-element elementor-element-cf80ca4 elementor-widget-divider--view-line elementor-widget elementor-widget-divider\" data-id=\"cf80ca4\" data-element_type=\"widget\" data-e-type=\"widget\" data-settings=\"{&quot;ekit_we_effect_on&quot;:&quot;none&quot;}\" data-widget_type=\"divider.default\">\n\t\t\t\t\t\t\t<div class=\"elementor-divider\">\n\t\t\t<span class=\"elementor-divider-separator\">\n\t\t\t\t\t\t<\/span>\n\t\t<\/div>\n\t\t\t\t\t\t<\/div>\n\t\t\t\t<div class=\"elementor-element elementor-element-36b0467 elementor-widget elementor-widget-text-editor\" data-id=\"36b0467\" data-element_type=\"widget\" data-e-type=\"widget\" data-settings=\"{&quot;ekit_we_effect_on&quot;:&quot;none&quot;}\" data-widget_type=\"text-editor.default\">\n\t\t\t\t\t\t\t\t\t<div class=\"wpb_text_column wpb_content_element \"><div class=\"wpb_wrapper\"><p data-start=\"1908\" data-end=\"2039\">En cumplimiento de la <strong data-start=\"1930\" data-end=\"2024\">Ley 34\/2002 de Servicios de la Sociedad de la Informaci\u00f3n y Comercio Electr\u00f3nico (LSSI-CE)<\/strong>, se informa:<\/p><ul data-start=\"2041\" data-end=\"2190\"><li data-start=\"2041\" data-end=\"2071\"><p data-start=\"2043\" data-end=\"2071\"><strong data-start=\"2043\" data-end=\"2054\">Titular<\/strong>: Asesor\u00eda GOEP<\/p><\/li><li data-start=\"2072\" data-end=\"2098\"><p data-start=\"2074\" data-end=\"2098\"><strong data-start=\"2074\" data-end=\"2085\">CIF\/NIF<\/strong>: [indicar]<\/p><\/li><li data-start=\"2099\" data-end=\"2137\"><p data-start=\"2101\" data-end=\"2137\"><strong data-start=\"2101\" data-end=\"2114\">Direcci\u00f3n<\/strong>: Carr. de Collblanc, 115, 08904 L&#8217;Hospitalet de Llobregat, Barcelona<\/p><\/li><li data-start=\"2138\" data-end=\"2165\"><p data-start=\"2140\" data-end=\"2165\"><strong data-start=\"2140\" data-end=\"2152\">Tel\u00e9fono<\/strong>: 934 21 62 98<\/p><\/li><li data-start=\"2166\" data-end=\"2190\"><p data-start=\"2168\" data-end=\"2190\"><strong data-start=\"2168\" data-end=\"2177\">Email<\/strong>: [indicar]<\/p><\/li><\/ul><h3 data-start=\"2192\" data-end=\"2216\">Condiciones de uso<\/h3><p data-start=\"2217\" data-end=\"2297\">El acceso a este sitio web implica la aceptaci\u00f3n de las presentes condiciones:<\/p><ul data-start=\"2298\" data-end=\"2567\"><li data-start=\"2298\" data-end=\"2393\"><p data-start=\"2300\" data-end=\"2393\">Los contenidos tienen car\u00e1cter informativo y no constituyen asesoramiento legal vinculante.<\/p><\/li><li data-start=\"2394\" data-end=\"2475\"><p data-start=\"2396\" data-end=\"2475\">El titular no se responsabiliza de los da\u00f1os derivados del mal uso de la web.<\/p><\/li><li data-start=\"2476\" data-end=\"2567\"><p data-start=\"2478\" data-end=\"2567\">Queda prohibida la reproducci\u00f3n total o parcial del contenido sin autorizaci\u00f3n expresa.<\/p><\/li><\/ul><\/div><\/div>\t\t\t\t\t\t\t\t<\/div>\n\t\t\t\t<div class=\"elementor-element elementor-element-0794892 elementor-widget elementor-widget-spacer\" data-id=\"0794892\" data-element_type=\"widget\" data-e-type=\"widget\" data-settings=\"{&quot;ekit_we_effect_on&quot;:&quot;none&quot;}\" data-widget_type=\"spacer.default\">\n\t\t\t\t\t\t\t<div class=\"elementor-spacer\">\n\t\t\t<div class=\"elementor-spacer-inner\"><\/div>\n\t\t<\/div>\n\t\t\t\t\t\t<\/div>\n\t\t\t\t\t<\/div>\n\t\t<\/div>\n\t\t\t\t\t<\/div>\n\t\t<\/section>\n\t\t\t\t<\/div>\n\t\t","protected":false},"excerpt":{"rendered":"<p>Asesor\u00eda GOEP Aviso Legal En cumplimiento de la Ley 34\/2002 de Servicios de la Sociedad de la Informaci\u00f3n y Comercio Electr\u00f3nico (LSSI-CE), se informa: Titular: Asesor\u00eda GOEP CIF\/NIF: [indicar] Direcci\u00f3n: Carr. de Collblanc, 115, 08904 L&#8217;Hospitalet de Llobregat, Barcelona Tel\u00e9fono: 934 21 62 98 Email: [indicar] Condiciones de uso El acceso a este sitio web [&hellip;]<\/p>\n","protected":false},"author":1,"featured_media":0,"parent":0,"menu_order":0,"comment_status":"closed","ping_status":"closed","template":"elementor_header_footer","meta":{"_acf_changed":false,"footnotes":""},"class_list":["post-644","page","type-page","status-publish","hentry"],"acf":[],"_links":{"self":[{"href":"https:\/\/asesoriagoep.com\/ca\/wp-json\/wp\/v2\/pages\/644","targetHints":{"allow":["GET"]}}],"collection":[{"href":"https:\/\/asesoriagoep.com\/ca\/wp-json\/wp\/v2\/pages"}],"about":[{"href":"https:\/\/asesoriagoep.com\/ca\/wp-json\/wp\/v2\/types\/page"}],"author":[{"embeddable":true,"href":"https:\/\/asesoriagoep.com\/ca\/wp-json\/wp\/v2\/users\/1"}],"replies":[{"embeddable":true,"href":"https:\/\/asesoriagoep.com\/ca\/wp-json\/wp\/v2\/comments?post=644"}],"version-history":[{"count":22,"href":"https:\/\/asesoriagoep.com\/ca\/wp-json\/wp\/v2\/pages\/644\/revisions"}],"predecessor-version":[{"id":996,"href":"https:\/\/asesoriagoep.com\/ca\/wp-json\/wp\/v2\/pages\/644\/revisions\/996"}],"wp:attachment":[{"href":"https:\/\/asesoriagoep.com\/ca\/wp-json\/wp\/v2\/media?parent=644"}],"curies":[{"name":"wp","href":"https:\/\/api.w.org\/{rel}","templated":true}]}}