{"id":642,"date":"2025-10-03T15:16:34","date_gmt":"2025-10-03T13:16:34","guid":{"rendered":"https:\/\/asesoriagoep.com\/?page_id=642"},"modified":"2025-10-07T13:17:03","modified_gmt":"2025-10-07T11:17:03","slug":"politica-de-cookies","status":"publish","type":"page","link":"https:\/\/asesoriagoep.com\/ca\/politica-de-cookies\/","title":{"rendered":"Pol\u00edtica de Cookies"},"content":{"rendered":"<div data-elementor-type=\"wp-page\" data-elementor-id=\"642\" class=\"elementor elementor-642\" data-elementor-post-type=\"page\">\n\t\t\t\t\t\t<section class=\"elementor-section elementor-top-section elementor-element elementor-element-6ec939a elementor-section-content-space-evenly elementor-section-boxed elementor-section-height-default elementor-section-height-default\" data-id=\"6ec939a\" data-element_type=\"section\" data-e-type=\"section\" data-settings=\"{&quot;background_background&quot;:&quot;classic&quot;,&quot;ekit_has_onepagescroll_dot&quot;:&quot;yes&quot;}\">\n\t\t\t\t\t\t<div class=\"elementor-container elementor-column-gap-default\">\n\t\t\t\t\t<div class=\"elementor-column elementor-col-100 elementor-top-column elementor-element elementor-element-3d1bf9c\" data-id=\"3d1bf9c\" data-element_type=\"column\" data-e-type=\"column\" data-settings=\"{&quot;background_background&quot;:&quot;classic&quot;}\">\n\t\t\t<div class=\"elementor-widget-wrap elementor-element-populated\">\n\t\t\t\t\t\t<div class=\"elementor-element elementor-element-dcafe31 elementor-widget elementor-widget-spacer\" data-id=\"dcafe31\" data-element_type=\"widget\" data-e-type=\"widget\" data-settings=\"{&quot;ekit_we_effect_on&quot;:&quot;none&quot;}\" data-widget_type=\"spacer.default\">\n\t\t\t\t\t\t\t<div class=\"elementor-spacer\">\n\t\t\t<div class=\"elementor-spacer-inner\"><\/div>\n\t\t<\/div>\n\t\t\t\t\t\t<\/div>\n\t\t\t\t<div class=\"elementor-element elementor-element-74875d2 elementor-widget elementor-widget-heading\" data-id=\"74875d2\" data-element_type=\"widget\" data-e-type=\"widget\" data-settings=\"{&quot;ekit_we_effect_on&quot;:&quot;none&quot;}\" data-widget_type=\"heading.default\">\n\t\t\t\t\t<h6 class=\"elementor-heading-title elementor-size-default\">Assessoria GOEP<\/h6>\t\t\t\t<\/div>\n\t\t\t\t<div class=\"elementor-element elementor-element-86f04de elementor-widget-divider--view-line elementor-widget elementor-widget-divider\" data-id=\"86f04de\" data-element_type=\"widget\" data-e-type=\"widget\" data-settings=\"{&quot;ekit_we_effect_on&quot;:&quot;none&quot;}\" data-widget_type=\"divider.default\">\n\t\t\t\t\t\t\t<div class=\"elementor-divider\">\n\t\t\t<span class=\"elementor-divider-separator\">\n\t\t\t\t\t\t<\/span>\n\t\t<\/div>\n\t\t\t\t\t\t<\/div>\n\t\t\t\t<div class=\"elementor-element elementor-element-18a5b36 elementor-widget elementor-widget-heading\" data-id=\"18a5b36\" data-element_type=\"widget\" data-e-type=\"widget\" data-settings=\"{&quot;ekit_we_effect_on&quot;:&quot;none&quot;}\" data-widget_type=\"heading.default\">\n\t\t\t\t\t<h1 class=\"elementor-heading-title elementor-size-default\">Pol\u00edtica de Cookies<\/h1>\t\t\t\t<\/div>\n\t\t\t\t<div class=\"elementor-element elementor-element-daea58c elementor-widget-divider--view-line elementor-widget elementor-widget-divider\" data-id=\"daea58c\" data-element_type=\"widget\" data-e-type=\"widget\" data-settings=\"{&quot;ekit_we_effect_on&quot;:&quot;none&quot;}\" data-widget_type=\"divider.default\">\n\t\t\t\t\t\t\t<div class=\"elementor-divider\">\n\t\t\t<span class=\"elementor-divider-separator\">\n\t\t\t\t\t\t<\/span>\n\t\t<\/div>\n\t\t\t\t\t\t<\/div>\n\t\t\t\t<div class=\"elementor-element elementor-element-d7ded77 elementor-widget elementor-widget-text-editor\" data-id=\"d7ded77\" data-element_type=\"widget\" data-e-type=\"widget\" data-settings=\"{&quot;ekit_we_effect_on&quot;:&quot;none&quot;}\" data-widget_type=\"text-editor.default\">\n\t\t\t\t\t\t\t\t\t<div class=\"wpb_text_column wpb_content_element\"><div class=\"wpb_wrapper\"><p data-start=\"2622\" data-end=\"2745\">Este sitio web utiliza <strong data-start=\"2645\" data-end=\"2678\">cookies propias y de terceros<\/strong> para mejorar la experiencia de usuario y analizar la navegaci\u00f3n.<\/p><h3 data-start=\"2747\" data-end=\"2774\">\u00bfQu\u00e9 son las cookies?<\/h3><p data-start=\"2775\" data-end=\"2878\">Son peque\u00f1os archivos de texto que el navegador almacena en tu dispositivo al visitar una p\u00e1gina web.<\/p><h3 data-start=\"2880\" data-end=\"2913\">Tipos de cookies que usamos<\/h3><ul data-start=\"2914\" data-end=\"3156\"><li data-start=\"2914\" data-end=\"2984\"><p data-start=\"2916\" data-end=\"2984\"><strong data-start=\"2916\" data-end=\"2936\">Cookies t\u00e9cnicas<\/strong>: necesarias para el funcionamiento del sitio.<\/p><\/li><li data-start=\"2985\" data-end=\"3079\"><p data-start=\"2987\" data-end=\"3079\"><strong data-start=\"2987\" data-end=\"3010\">Cookies de an\u00e1lisis<\/strong>: nos ayudan a medir el tr\u00e1fico y mejorar el rendimiento de la web.<\/p><\/li><li data-start=\"3080\" data-end=\"3156\"><p data-start=\"3082\" data-end=\"3156\"><strong data-start=\"3082\" data-end=\"3109\">Cookies de preferencias<\/strong>: recuerdan tus configuraciones y elecciones.<\/p><\/li><\/ul><h3 data-start=\"3158\" data-end=\"3198\">C\u00f3mo configurar o eliminar cookies<\/h3><p data-start=\"3199\" data-end=\"3292\">Puedes permitir, bloquear o eliminar las cookies mediante la configuraci\u00f3n de tu navegador.<\/p><h3 data-start=\"3294\" data-end=\"3314\">Consentimiento<\/h3><p data-start=\"3315\" data-end=\"3391\">Al navegar por nuestro sitio, aceptas el uso de cookies seg\u00fan lo descrito.<\/p><\/div><\/div>\t\t\t\t\t\t\t\t<\/div>\n\t\t\t\t<div class=\"elementor-element elementor-element-9e5de8a elementor-widget elementor-widget-spacer\" data-id=\"9e5de8a\" data-element_type=\"widget\" data-e-type=\"widget\" data-settings=\"{&quot;ekit_we_effect_on&quot;:&quot;none&quot;}\" data-widget_type=\"spacer.default\">\n\t\t\t\t\t\t\t<div class=\"elementor-spacer\">\n\t\t\t<div class=\"elementor-spacer-inner\"><\/div>\n\t\t<\/div>\n\t\t\t\t\t\t<\/div>\n\t\t\t\t\t<\/div>\n\t\t<\/div>\n\t\t\t\t\t<\/div>\n\t\t<\/section>\n\t\t\t\t<\/div>","protected":false},"excerpt":{"rendered":"<p>Asesor\u00eda GOEP Pol\u00edtica de Cookies Este sitio web utiliza cookies propias y de terceros para mejorar la experiencia de usuario y analizar la navegaci\u00f3n. \u00bfQu\u00e9 son las cookies? Son peque\u00f1os archivos de texto que el navegador almacena en tu dispositivo al visitar una p\u00e1gina web. Tipos de cookies que usamos Cookies t\u00e9cnicas: necesarias para el [&hellip;]<\/p>\n","protected":false},"author":1,"featured_media":0,"parent":0,"menu_order":0,"comment_status":"closed","ping_status":"closed","template":"elementor_header_footer","meta":{"_acf_changed":false,"footnotes":""},"class_list":["post-642","page","type-page","status-publish","hentry"],"acf":[],"_links":{"self":[{"href":"https:\/\/asesoriagoep.com\/ca\/wp-json\/wp\/v2\/pages\/642","targetHints":{"allow":["GET"]}}],"collection":[{"href":"https:\/\/asesoriagoep.com\/ca\/wp-json\/wp\/v2\/pages"}],"about":[{"href":"https:\/\/asesoriagoep.com\/ca\/wp-json\/wp\/v2\/types\/page"}],"author":[{"embeddable":true,"href":"https:\/\/asesoriagoep.com\/ca\/wp-json\/wp\/v2\/users\/1"}],"replies":[{"embeddable":true,"href":"https:\/\/asesoriagoep.com\/ca\/wp-json\/wp\/v2\/comments?post=642"}],"version-history":[{"count":19,"href":"https:\/\/asesoriagoep.com\/ca\/wp-json\/wp\/v2\/pages\/642\/revisions"}],"predecessor-version":[{"id":999,"href":"https:\/\/asesoriagoep.com\/ca\/wp-json\/wp\/v2\/pages\/642\/revisions\/999"}],"wp:attachment":[{"href":"https:\/\/asesoriagoep.com\/ca\/wp-json\/wp\/v2\/media?parent=642"}],"curies":[{"name":"wp","href":"https:\/\/api.w.org\/{rel}","templated":true}]}}