{"id":640,"date":"2025-10-03T15:15:08","date_gmt":"2025-10-03T13:15:08","guid":{"rendered":"https:\/\/asesoriagoep.com\/?page_id=640"},"modified":"2025-10-07T13:16:17","modified_gmt":"2025-10-07T11:16:17","slug":"politica-de-privacidad","status":"publish","type":"page","link":"https:\/\/asesoriagoep.com\/ca\/politica-de-privacidad\/","title":{"rendered":"DADES DE CONTACTE"},"content":{"rendered":"\t\t<div data-elementor-type=\"wp-page\" data-elementor-id=\"640\" class=\"elementor elementor-640\" data-elementor-post-type=\"page\">\n\t\t\t\t\t\t<section class=\"elementor-section elementor-top-section elementor-element elementor-element-325f0a3 elementor-section-content-space-evenly elementor-section-boxed elementor-section-height-default elementor-section-height-default\" data-id=\"325f0a3\" data-element_type=\"section\" data-e-type=\"section\" data-settings=\"{&quot;background_background&quot;:&quot;classic&quot;,&quot;ekit_has_onepagescroll_dot&quot;:&quot;yes&quot;}\">\n\t\t\t\t\t\t<div class=\"elementor-container elementor-column-gap-default\">\n\t\t\t\t\t<div class=\"elementor-column elementor-col-100 elementor-top-column elementor-element elementor-element-869251d\" data-id=\"869251d\" data-element_type=\"column\" data-e-type=\"column\" data-settings=\"{&quot;background_background&quot;:&quot;classic&quot;}\">\n\t\t\t<div class=\"elementor-widget-wrap elementor-element-populated\">\n\t\t\t\t\t\t<div class=\"elementor-element elementor-element-2729bb2 elementor-widget elementor-widget-spacer\" data-id=\"2729bb2\" data-element_type=\"widget\" data-e-type=\"widget\" data-settings=\"{&quot;ekit_we_effect_on&quot;:&quot;none&quot;}\" data-widget_type=\"spacer.default\">\n\t\t\t\t\t\t\t<div class=\"elementor-spacer\">\n\t\t\t<div class=\"elementor-spacer-inner\"><\/div>\n\t\t<\/div>\n\t\t\t\t\t\t<\/div>\n\t\t\t\t<div class=\"elementor-element elementor-element-c42ebcc elementor-widget elementor-widget-heading\" data-id=\"c42ebcc\" data-element_type=\"widget\" data-e-type=\"widget\" data-settings=\"{&quot;ekit_we_effect_on&quot;:&quot;none&quot;}\" data-widget_type=\"heading.default\">\n\t\t\t\t\t<h6 class=\"elementor-heading-title elementor-size-default\">Asesor\u00eda GOEP<\/h6>\t\t\t\t<\/div>\n\t\t\t\t<div class=\"elementor-element elementor-element-3d0e1bc elementor-widget-divider--view-line elementor-widget elementor-widget-divider\" data-id=\"3d0e1bc\" data-element_type=\"widget\" data-e-type=\"widget\" data-settings=\"{&quot;ekit_we_effect_on&quot;:&quot;none&quot;}\" data-widget_type=\"divider.default\">\n\t\t\t\t\t\t\t<div class=\"elementor-divider\">\n\t\t\t<span class=\"elementor-divider-separator\">\n\t\t\t\t\t\t<\/span>\n\t\t<\/div>\n\t\t\t\t\t\t<\/div>\n\t\t\t\t<div class=\"elementor-element elementor-element-fbdf4c1 elementor-widget-divider--view-line elementor-widget elementor-widget-divider\" data-id=\"fbdf4c1\" data-element_type=\"widget\" data-e-type=\"widget\" data-settings=\"{&quot;ekit_we_effect_on&quot;:&quot;none&quot;}\" data-widget_type=\"divider.default\">\n\t\t\t\t\t\t\t<div class=\"elementor-divider\">\n\t\t\t<span class=\"elementor-divider-separator\">\n\t\t\t\t\t\t<\/span>\n\t\t<\/div>\n\t\t\t\t\t\t<\/div>\n\t\t\t\t<div class=\"elementor-element elementor-element-83236b7 elementor-widget elementor-widget-text-editor\" data-id=\"83236b7\" data-element_type=\"widget\" data-e-type=\"widget\" data-settings=\"{&quot;ekit_we_effect_on&quot;:&quot;none&quot;}\" data-widget_type=\"text-editor.default\">\n\t\t\t\t\t\t\t\t\t<div class=\"wpb_text_column wpb_content_element \"><div class=\"wpb_wrapper\"><p data-start=\"366\" data-end=\"485\">En <strong data-start=\"369\" data-end=\"386\">Asesor\u00eda GOEP<\/strong> nos comprometemos a proteger tu privacidad y garantizar el uso correcto de tus datos personales.<\/p><h3 data-start=\"487\" data-end=\"523\">1. Responsable del tratamiento<\/h3><ul data-start=\"2041\" data-end=\"2190\"><li data-start=\"2041\" data-end=\"2071\"><p data-start=\"2043\" data-end=\"2071\"><strong data-start=\"2043\" data-end=\"2054\">Titular<\/strong>: Asesor\u00eda GOEP<\/p><\/li><li data-start=\"2072\" data-end=\"2098\"><p data-start=\"2074\" data-end=\"2098\"><strong data-start=\"2074\" data-end=\"2085\">CIF\/NIF<\/strong>: [indicar]<\/p><\/li><li data-start=\"2099\" data-end=\"2137\"><p data-start=\"2101\" data-end=\"2137\"><strong data-start=\"2101\" data-end=\"2114\">Direcci\u00f3n<\/strong>: Carr. de Collblanc, 115, 08904 L&#8217;Hospitalet de Llobregat, Barcelona<\/p><\/li><li data-start=\"2138\" data-end=\"2165\"><p data-start=\"2140\" data-end=\"2165\"><strong data-start=\"2140\" data-end=\"2152\">Tel\u00e9fono<\/strong>: 934 21 62 98<\/p><\/li><li data-start=\"2166\" data-end=\"2190\"><p data-start=\"2168\" data-end=\"2190\"><strong data-start=\"2168\" data-end=\"2177\">Email<\/strong>: [indicar]<\/p><\/li><\/ul><h3 data-start=\"664\" data-end=\"698\">2. Finalidad del tratamiento<\/h3><p data-start=\"699\" data-end=\"756\">Tratamos los datos personales con los siguientes fines:<\/p><ul data-start=\"757\" data-end=\"1016\"><li data-start=\"757\" data-end=\"822\"><p data-start=\"759\" data-end=\"822\">Prestar los servicios de asesor\u00eda fiscal, laboral y contable.<\/p><\/li><li data-start=\"823\" data-end=\"885\"><p data-start=\"825\" data-end=\"885\">Gestionar la relaci\u00f3n contractual con clientes y usuarios.<\/p><\/li><li data-start=\"886\" data-end=\"1016\"><p data-start=\"888\" data-end=\"1016\">Enviar comunicaciones informativas y\/o comerciales relacionadas con nuestros servicios (siempre con tu consentimiento previo).<\/p><\/li><\/ul><h3 data-start=\"1018\" data-end=\"1039\">3. Legitimaci\u00f3n<\/h3><p data-start=\"1040\" data-end=\"1081\">El tratamiento de tus datos se basa en:<\/p><ul data-start=\"1082\" data-end=\"1213\"><li data-start=\"1082\" data-end=\"1111\"><p data-start=\"1084\" data-end=\"1111\">Ejecuci\u00f3n de un contrato.<\/p><\/li><li data-start=\"1112\" data-end=\"1153\"><p data-start=\"1114\" data-end=\"1153\">Cumplimiento de obligaciones legales.<\/p><\/li><li data-start=\"1154\" data-end=\"1213\"><p data-start=\"1156\" data-end=\"1213\">Consentimiento expreso para comunicaciones comerciales.<\/p><\/li><\/ul><h3 data-start=\"1215\" data-end=\"1245\">4. Conservaci\u00f3n de datos<\/h3><p data-start=\"1246\" data-end=\"1369\">Tus datos se conservar\u00e1n mientras exista una relaci\u00f3n contractual y, posteriormente, durante los plazos legales exigidos.<\/p><h3 data-start=\"1371\" data-end=\"1393\">5. Destinatarios<\/h3><p data-start=\"1394\" data-end=\"1543\">No se ceder\u00e1n datos a terceros, salvo obligaci\u00f3n legal o necesidad contractual (ej. organismos tributarios, Seguridad Social, entidades bancarias).<\/p><h3 data-start=\"1545\" data-end=\"1578\">6. Derechos de los usuarios<\/h3><p data-start=\"1579\" data-end=\"1730\">Puedes ejercer los derechos de acceso, rectificaci\u00f3n, supresi\u00f3n, oposici\u00f3n, limitaci\u00f3n y portabilidad enviando un correo a [<a class=\"decorated-link cursor-pointer\" rel=\"noopener\">correo@asesoriagoep.com<\/a>].<\/p><p data-start=\"1732\" data-end=\"1861\">Si consideras que tus derechos no se han respetado, puedes reclamar ante la <strong data-start=\"1808\" data-end=\"1858\">Agencia Espa\u00f1ola de Protecci\u00f3n de Datos (AEPD)<\/strong>.<\/p><\/div><\/div>\t\t\t\t\t\t\t\t<\/div>\n\t\t\t\t<div class=\"elementor-element elementor-element-cb12556 elementor-widget elementor-widget-spacer\" data-id=\"cb12556\" data-element_type=\"widget\" data-e-type=\"widget\" data-settings=\"{&quot;ekit_we_effect_on&quot;:&quot;none&quot;}\" data-widget_type=\"spacer.default\">\n\t\t\t\t\t\t\t<div class=\"elementor-spacer\">\n\t\t\t<div class=\"elementor-spacer-inner\"><\/div>\n\t\t<\/div>\n\t\t\t\t\t\t<\/div>\n\t\t\t\t\t<\/div>\n\t\t<\/div>\n\t\t\t\t\t<\/div>\n\t\t<\/section>\n\t\t\t\t<\/div>\n\t\t","protected":false},"excerpt":{"rendered":"<p>Asesor\u00eda GOEP En Asesor\u00eda GOEP nos comprometemos a proteger tu privacidad y garantizar el uso correcto de tus datos personales. 1. Responsable del tratamiento Titular: Asesor\u00eda GOEP CIF\/NIF: [indicar] Direcci\u00f3n: Carr. de Collblanc, 115, 08904 L&#8217;Hospitalet de Llobregat, Barcelona Tel\u00e9fono: 934 21 62 98 Email: [indicar] 2. Finalidad del tratamiento Tratamos los datos personales con [&hellip;]<\/p>\n","protected":false},"author":1,"featured_media":0,"parent":0,"menu_order":0,"comment_status":"closed","ping_status":"closed","template":"elementor_header_footer","meta":{"_acf_changed":false,"footnotes":""},"class_list":["post-640","page","type-page","status-publish","hentry"],"acf":[],"_links":{"self":[{"href":"https:\/\/asesoriagoep.com\/ca\/wp-json\/wp\/v2\/pages\/640","targetHints":{"allow":["GET"]}}],"collection":[{"href":"https:\/\/asesoriagoep.com\/ca\/wp-json\/wp\/v2\/pages"}],"about":[{"href":"https:\/\/asesoriagoep.com\/ca\/wp-json\/wp\/v2\/types\/page"}],"author":[{"embeddable":true,"href":"https:\/\/asesoriagoep.com\/ca\/wp-json\/wp\/v2\/users\/1"}],"replies":[{"embeddable":true,"href":"https:\/\/asesoriagoep.com\/ca\/wp-json\/wp\/v2\/comments?post=640"}],"version-history":[{"count":28,"href":"https:\/\/asesoriagoep.com\/ca\/wp-json\/wp\/v2\/pages\/640\/revisions"}],"predecessor-version":[{"id":993,"href":"https:\/\/asesoriagoep.com\/ca\/wp-json\/wp\/v2\/pages\/640\/revisions\/993"}],"wp:attachment":[{"href":"https:\/\/asesoriagoep.com\/ca\/wp-json\/wp\/v2\/media?parent=640"}],"curies":[{"name":"wp","href":"https:\/\/api.w.org\/{rel}","templated":true}]}}