{"id":138,"date":"2025-10-02T11:16:27","date_gmt":"2025-10-02T09:16:27","guid":{"rendered":"https:\/\/asesoriagoep.com\/?page_id=138"},"modified":"2026-03-18T10:59:27","modified_gmt":"2026-03-18T09:59:27","slug":"blog","status":"publish","type":"page","link":"https:\/\/asesoriagoep.com\/ca\/blog\/","title":{"rendered":"Bloc"},"content":{"rendered":"<div data-elementor-type=\"wp-page\" data-elementor-id=\"138\" class=\"elementor elementor-138\" data-elementor-post-type=\"page\">\n\t\t\t\t\t\t<section class=\"elementor-section elementor-top-section elementor-element elementor-element-520bd3eb elementor-section-full_width elementor-section-height-min-height elementor-section-items-stretch elementor-section-content-space-evenly elementor-section-height-default\" data-id=\"520bd3eb\" data-element_type=\"section\" data-e-type=\"section\" data-settings=\"{&quot;background_background&quot;:&quot;classic&quot;,&quot;ekit_has_onepagescroll_dot&quot;:&quot;yes&quot;}\">\n\t\t\t\t\t\t<div class=\"elementor-container elementor-column-gap-default\">\n\t\t\t\t\t<div class=\"elementor-column elementor-col-50 elementor-top-column elementor-element elementor-element-6748f4a9\" data-id=\"6748f4a9\" data-element_type=\"column\" data-e-type=\"column\" data-settings=\"{&quot;background_background&quot;:&quot;classic&quot;}\">\n\t\t\t<div class=\"elementor-widget-wrap elementor-element-populated\">\n\t\t\t\t\t\t<div class=\"elementor-element elementor-element-6f69218c elementor-widget elementor-widget-heading\" data-id=\"6f69218c\" data-element_type=\"widget\" data-e-type=\"widget\" data-settings=\"{&quot;ekit_we_effect_on&quot;:&quot;none&quot;}\" data-widget_type=\"heading.default\">\n\t\t\t\t\t<h6 class=\"elementor-heading-title elementor-size-default\">Assessoria GOEP<\/h6>\t\t\t\t<\/div>\n\t\t\t\t<div class=\"elementor-element elementor-element-2670b035 elementor-widget elementor-widget-heading\" data-id=\"2670b035\" data-element_type=\"widget\" data-e-type=\"widget\" data-settings=\"{&quot;ekit_we_effect_on&quot;:&quot;none&quot;}\" data-widget_type=\"heading.default\">\n\t\t\t\t\t<h1 class=\"elementor-heading-title elementor-size-default\">Benvinguts al blog de GOEP\n<\/h1>\t\t\t\t<\/div>\n\t\t\t\t<div class=\"elementor-element elementor-element-5dc59bfb elementor-widget elementor-widget-text-editor\" data-id=\"5dc59bfb\" data-element_type=\"widget\" data-e-type=\"widget\" data-settings=\"{&quot;ekit_we_effect_on&quot;:&quot;none&quot;}\" data-widget_type=\"text-editor.default\">\n\t\t\t\t\t\t\t\t\t<p data-start=\"322\" data-end=\"632\">En aquesta secci\u00f3 compartim informaci\u00f3 pr\u00e0ctica, actualitzacions i consells sobre q\u00fcestions fiscals, laborals, comptables, comercials i legals. El nostre objectiu \u00e9s mantenir-vos al dia dels canvis normatius i oferir-vos solucions clares per ajudar-vos a prendre millors decisions.<\/p>\t\t\t\t\t\t\t\t<\/div>\n\t\t\t\t<div class=\"elementor-element elementor-element-4751e58 elementor-widget elementor-widget-heading\" data-id=\"4751e58\" data-element_type=\"widget\" data-e-type=\"widget\" data-settings=\"{&quot;ekit_we_effect_on&quot;:&quot;none&quot;}\" data-widget_type=\"heading.default\">\n\t\t\t\t\t<h6 class=\"elementor-heading-title elementor-size-default\">Assessoria GOEP<\/h6>\t\t\t\t<\/div>\n\t\t\t\t\t<\/div>\n\t\t<\/div>\n\t\t\t\t<div class=\"elementor-column elementor-col-50 elementor-top-column elementor-element elementor-element-73765fff\" data-id=\"73765fff\" data-element_type=\"column\" data-e-type=\"column\" data-settings=\"{&quot;background_background&quot;:&quot;classic&quot;}\">\n\t\t\t<div class=\"elementor-widget-wrap elementor-element-populated\">\n\t\t\t\t\t\t<div class=\"elementor-element elementor-element-544bc1b9 elementor-widget elementor-widget-image\" data-id=\"544bc1b9\" data-element_type=\"widget\" data-e-type=\"widget\" data-settings=\"{&quot;ekit_we_effect_on&quot;:&quot;none&quot;}\" data-widget_type=\"image.default\">\n\t\t\t\t\t\t\t\t\t\t\t\t\t\t\t<img fetchpriority=\"high\" decoding=\"async\" width=\"800\" height=\"533\" src=\"https:\/\/asesoriagoep.com\/wp-content\/uploads\/2025\/10\/Foto-Asesoria-GOEP.png\" class=\"attachment-large size-large wp-image-1976\" alt=\"\" srcset=\"https:\/\/asesoriagoep.com\/wp-content\/uploads\/2025\/10\/Foto-Asesoria-GOEP.png 960w, https:\/\/asesoriagoep.com\/wp-content\/uploads\/2025\/10\/Foto-Asesoria-GOEP-300x200.png 300w, https:\/\/asesoriagoep.com\/wp-content\/uploads\/2025\/10\/Foto-Asesoria-GOEP-768x512.png 768w\" sizes=\"(max-width: 800px) 100vw, 800px\" \/>\t\t\t\t\t\t\t\t\t\t\t\t\t\t\t<\/div>\n\t\t\t\t\t<\/div>\n\t\t<\/div>\n\t\t\t\t\t<\/div>\n\t\t<\/section>\n\t\t\t\t<section class=\"elementor-section elementor-top-section elementor-element elementor-element-dc6f19f elementor-hidden-tablet elementor-hidden-mobile elementor-section-boxed elementor-section-height-default elementor-section-height-default\" data-id=\"dc6f19f\" data-element_type=\"section\" data-e-type=\"section\" data-settings=\"{&quot;background_background&quot;:&quot;classic&quot;,&quot;ekit_has_onepagescroll_dot&quot;:&quot;yes&quot;}\">\n\t\t\t\t\t\t<div class=\"elementor-container elementor-column-gap-default\">\n\t\t\t\t\t<div class=\"elementor-column elementor-col-100 elementor-top-column elementor-element elementor-element-03c4ef8\" data-id=\"03c4ef8\" data-element_type=\"column\" data-e-type=\"column\">\n\t\t\t<div class=\"elementor-widget-wrap elementor-element-populated\">\n\t\t\t\t\t\t<div class=\"elementor-element elementor-element-b364799 elementor-widget elementor-widget-ekit-nav-menu\" data-id=\"b364799\" data-element_type=\"widget\" data-e-type=\"widget\" data-settings=\"{&quot;ekit_we_effect_on&quot;:&quot;none&quot;}\" data-widget_type=\"ekit-nav-menu.default\">\n\t\t\t\t<div class=\"elementor-widget-container\">\n\t\t\t\t\t\t\t<nav class=\"ekit-wid-con ekit_menu_responsive_tablet\"\n\t\t\tdata-hamburger-icon=\"\"\n\t\t\tdata-hamburger-icon-type=\"icon\"\n\t\t\tdata-responsive-breakpoint=\"1024\">\n\t\t\t            <button class=\"elementskit-menu-hamburger elementskit-menu-toggler\"  type=\"button\" aria-label=\"icona d&#039;hamburguesa\">\n                                    <span class=\"elementskit-menu-hamburger-icon\"><\/span><span class=\"elementskit-menu-hamburger-icon\"><\/span><span class=\"elementskit-menu-hamburger-icon\"><\/span>\n                            <\/button>\n            <div id=\"ekit-megamenu-categorias-blog\" class=\"elementskit-menu-container elementskit-menu-offcanvas-elements elementskit-navbar-nav-default ekit-nav-menu-one-page- ekit-nav-dropdown-hover\"><ul id=\"menu-categorias-blog\" class=\"elementskit-navbar-nav elementskit-menu-po-justified submenu-click-on-icon\"><li id=\"menu-item-453\" class=\"menu-item menu-item-type-taxonomy menu-item-object-category menu-item-453 nav-item elementskit-mobile-builder-content\" data-vertical-menu=\"750px\"><a href=\"https:\/\/asesoriagoep.com\/ca\/category\/noticias-economia\/\" class=\"ekit-menu-nav-link\">Not\u00edcies Economia<\/a><\/li>\n<li id=\"menu-item-454\" class=\"menu-item menu-item-type-taxonomy menu-item-object-category menu-item-454 nav-item elementskit-mobile-builder-content\" data-vertical-menu=\"750px\"><a href=\"https:\/\/asesoriagoep.com\/ca\/category\/noticias-fiscal\/\" class=\"ekit-menu-nav-link\">Not\u00edcies Fiscals<\/a><\/li>\n<li id=\"menu-item-455\" class=\"menu-item menu-item-type-taxonomy menu-item-object-category menu-item-has-children menu-item-455 nav-item elementskit-dropdown-has relative_position elementskit-dropdown-menu-default_width elementskit-mobile-builder-content\" data-vertical-menu=\"750px\"><a href=\"https:\/\/asesoriagoep.com\/ca\/category\/noticias-goep\/\" class=\"ekit-menu-nav-link ekit-menu-dropdown-toggle\">Not\u00edcies GOEP<i class=\"icon icon-down-arrow1 elementskit-submenu-indicator\"><\/i><\/a>\n<ul class=\"elementskit-dropdown elementskit-submenu-panel\">\n\t<li id=\"menu-item-456\" class=\"menu-item menu-item-type-taxonomy menu-item-object-category menu-item-456 nav-item elementskit-mobile-builder-content\" data-vertical-menu=\"750px\"><a href=\"https:\/\/asesoriagoep.com\/ca\/category\/noticias-goep\/promociones-y-descuentos\/\" class=\"dropdown-item\">Promocions i descomptes<\/a><\/ul>\n<\/li>\n<li id=\"menu-item-457\" class=\"menu-item menu-item-type-taxonomy menu-item-object-category menu-item-457 nav-item elementskit-mobile-builder-content\" data-vertical-menu=\"750px\"><a href=\"https:\/\/asesoriagoep.com\/ca\/category\/noticias-laboral\/\" class=\"ekit-menu-nav-link\">Not\u00edcies Laborals<\/a><\/li>\n<\/ul><div class=\"elementskit-nav-identity-panel\"><a class=\"elementskit-nav-logo\" href=\"https:\/\/asesoriagoep.com\/ca\" target=\"\" rel=\"\"><img src=\"https:\/\/asesoriagoep.com\/wp-content\/uploads\/2025\/10\/cropped-LOGOTIPO-GOEP-ASESORIA-AZUL.webp\" title=\"cropped-LOGOTIPO-GOEP-ASESORIA-BLAU.webp\" alt=\"cropped-LOGOTIPO-GOEP-ASESORIA-AZUL.webp\" decoding=\"async\" \/><\/a><button class=\"elementskit-menu-close elementskit-menu-toggler\" type=\"button\">X<\/button><\/div><\/div>\n\t\t\t<div class=\"elementskit-menu-overlay elementskit-menu-offcanvas-elements elementskit-menu-toggler ekit-nav-menu--overlay\"><\/div>        <\/nav>\n\t\t\t\t\t\t<\/div>\n\t\t\t\t<\/div>\n\t\t\t\t\t<\/div>\n\t\t<\/div>\n\t\t\t\t\t<\/div>\n\t\t<\/section>\n\t\t\t\t<section class=\"elementor-section elementor-top-section elementor-element elementor-element-16bef9e6 elementor-section-boxed elementor-section-height-default elementor-section-height-default\" data-id=\"16bef9e6\" data-element_type=\"section\" data-e-type=\"section\" data-settings=\"{&quot;ekit_has_onepagescroll_dot&quot;:&quot;yes&quot;}\">\n\t\t\t\t\t\t<div class=\"elementor-container elementor-column-gap-default\">\n\t\t\t\t\t<div class=\"elementor-column elementor-col-100 elementor-top-column elementor-element elementor-element-3b6e6922\" data-id=\"3b6e6922\" data-element_type=\"column\" data-e-type=\"column\">\n\t\t\t<div class=\"elementor-widget-wrap elementor-element-populated\">\n\t\t\t\t\t\t<div class=\"elementor-element elementor-element-41b18756 elementor-widget elementor-widget-spacer\" data-id=\"41b18756\" data-element_type=\"widget\" data-e-type=\"widget\" data-settings=\"{&quot;ekit_we_effect_on&quot;:&quot;none&quot;}\" data-widget_type=\"spacer.default\">\n\t\t\t\t\t\t\t<div class=\"elementor-spacer\">\n\t\t\t<div class=\"elementor-spacer-inner\"><\/div>\n\t\t<\/div>\n\t\t\t\t\t\t<\/div>\n\t\t\t\t<div class=\"elementor-element elementor-element-6d191bc1 elementor-grid-3 elementor-grid-tablet-2 elementor-grid-mobile-1 elementor-posts--thumbnail-top elementor-posts__hover-gradient elementor-widget elementor-widget-posts\" data-id=\"6d191bc1\" data-element_type=\"widget\" data-e-type=\"widget\" data-settings=\"{&quot;cards_row_gap&quot;:{&quot;unit&quot;:&quot;px&quot;,&quot;size&quot;:30,&quot;sizes&quot;:[]},&quot;cards_columns&quot;:&quot;3&quot;,&quot;cards_columns_tablet&quot;:&quot;2&quot;,&quot;cards_columns_mobile&quot;:&quot;1&quot;,&quot;cards_row_gap_tablet&quot;:{&quot;unit&quot;:&quot;px&quot;,&quot;size&quot;:&quot;&quot;,&quot;sizes&quot;:[]},&quot;cards_row_gap_mobile&quot;:{&quot;unit&quot;:&quot;px&quot;,&quot;size&quot;:&quot;&quot;,&quot;sizes&quot;:[]},&quot;ekit_we_effect_on&quot;:&quot;none&quot;}\" data-widget_type=\"posts.cards\">\n\t\t\t\t<div class=\"elementor-widget-container\">\n\t\t\t\t\t\t\t<div class=\"elementor-posts-container elementor-posts elementor-posts--skin-cards elementor-grid\" role=\"list\">\n\t\t\t\t<article class=\"elementor-post elementor-grid-item post-2017 post type-post status-publish format-standard has-post-thumbnail hentry category-noticias-fiscal\" role=\"listitem\">\n\t\t\t<div class=\"elementor-post__card\">\n\t\t\t\t<a class=\"elementor-post__thumbnail__link\" href=\"https:\/\/asesoriagoep.com\/ca\/circular-informativa-sobre-el-regimen-iva-franquiciado\/\" tabindex=\"-1\" ><div class=\"elementor-post__thumbnail\"><img decoding=\"async\" width=\"300\" height=\"200\" src=\"https:\/\/asesoriagoep.com\/wp-content\/uploads\/2025\/10\/Verifactu-300x200.jpg\" class=\"attachment-medium size-medium wp-image-1683\" alt=\"\" srcset=\"https:\/\/asesoriagoep.com\/wp-content\/uploads\/2025\/10\/Verifactu-300x200.jpg 300w, https:\/\/asesoriagoep.com\/wp-content\/uploads\/2025\/10\/Verifactu.jpg 640w\" sizes=\"(max-width: 300px) 100vw, 300px\" \/><\/div><\/a>\n\t\t\t\t<div class=\"elementor-post__text\">\n\t\t\t\t<h3 class=\"elementor-post__title\">\n\t\t\t<a href=\"https:\/\/asesoriagoep.com\/ca\/circular-informativa-sobre-el-regimen-iva-franquiciado\/\" >\n\t\t\t\tCIRCULAR INFORMATIVA SOBRE EL R\u00c8GIM D'EXEMPCI\u00d3 DE L'IVA\t\t\t<\/a>\n\t\t<\/h3>\n\t\t\t\t<div class=\"elementor-post__excerpt\">\n\t\t\t<p>1. Introducci\u00f3: un r\u00e8gim al cor del debat   El anomenat r\u00e8gim de \u00abIVA franquiciat\u00bb torna a ser al centre del debat fiscal el 2026, particularment<\/p>\n\t\t<\/div>\n\t\t\n\t\t<a class=\"elementor-post__read-more\" href=\"https:\/\/asesoriagoep.com\/ca\/circular-informativa-sobre-el-regimen-iva-franquiciado\/\" aria-label=\"Read more about CIRCULAR INFORMATIVA SOBRE EL REGIMEN IVA FRANQUICIADO\" tabindex=\"-1\" >\n\t\t\tLlegir m\u00e9s \u00bb\t\t<\/a>\n\n\t\t\t\t<\/div>\n\t\t\t\t<div class=\"elementor-post__meta-data\">\n\t\t\t\t\t<span class=\"elementor-post-date\">\n\t\t\t31 de mar\u00e7 de 2026\t\t<\/span>\n\t\t\t\t<span class=\"elementor-post-avatar\">\n\t\t\tNo hi ha comentaris\t\t<\/span>\n\t\t\t\t<\/div>\n\t\t\t\t\t<\/div>\n\t\t<\/article>\n\t\t\t\t<article class=\"elementor-post elementor-grid-item post-2003 post type-post status-publish format-standard has-post-thumbnail hentry category-noticias-economia\" role=\"listitem\">\n\t\t\t<div class=\"elementor-post__card\">\n\t\t\t\t<a class=\"elementor-post__thumbnail__link\" href=\"https:\/\/asesoriagoep.com\/ca\/medidas-urgentes-por-la-crisis-en-oriente-medio-rdl-7-2026-y-rdl-8-2026\/\" tabindex=\"-1\" ><div class=\"elementor-post__thumbnail\"><img decoding=\"async\" width=\"300\" height=\"200\" src=\"https:\/\/asesoriagoep.com\/wp-content\/uploads\/2026\/03\/m-8EaWW9-300x200.jpg\" class=\"attachment-medium size-medium wp-image-2006\" alt=\"\" srcset=\"https:\/\/asesoriagoep.com\/wp-content\/uploads\/2026\/03\/m-8EaWW9-300x200.jpg 300w, https:\/\/asesoriagoep.com\/wp-content\/uploads\/2026\/03\/m-8EaWW9-1024x681.jpg 1024w, https:\/\/asesoriagoep.com\/wp-content\/uploads\/2026\/03\/m-8EaWW9-768x511.jpg 768w, https:\/\/asesoriagoep.com\/wp-content\/uploads\/2026\/03\/m-8EaWW9-1536x1021.jpg 1536w, https:\/\/asesoriagoep.com\/wp-content\/uploads\/2026\/03\/m-8EaWW9.jpg 2000w\" sizes=\"(max-width: 300px) 100vw, 300px\" \/><\/div><\/a>\n\t\t\t\t<div class=\"elementor-post__text\">\n\t\t\t\t<h3 class=\"elementor-post__title\">\n\t\t\t<a href=\"https:\/\/asesoriagoep.com\/ca\/medidas-urgentes-por-la-crisis-en-oriente-medio-rdl-7-2026-y-rdl-8-2026\/\" >\n\t\t\t\tMESURES URGENTS EN RESPOSTA A LA CRISI A L'ORIENT MEDITERRANI (Reial Decret Llei 7\/2026 i Reial Decret Llei 8\/2026)\t\t\t<\/a>\n\t\t<\/h3>\n\t\t\t\t<div class=\"elementor-post__excerpt\">\n\t\t\t<p>El Govern ha aprovat dos Reials Decrets Llei (RDL 7\/2026 i RDL 8\/2026) que contenen mesures urgents per fer front a l'impacte econ\u00f2mic derivat del conflicte a<\/p>\n\t\t<\/div>\n\t\t\n\t\t<a class=\"elementor-post__read-more\" href=\"https:\/\/asesoriagoep.com\/ca\/medidas-urgentes-por-la-crisis-en-oriente-medio-rdl-7-2026-y-rdl-8-2026\/\" aria-label=\"Read more about MEDIDAS URGENTES POR LA CRISIS EN ORIENTE MEDIO (RDL 7\/2026 Y RDL 8\/2026)\" tabindex=\"-1\" >\n\t\t\tLlegir m\u00e9s \u00bb\t\t<\/a>\n\n\t\t\t\t<\/div>\n\t\t\t\t<div class=\"elementor-post__meta-data\">\n\t\t\t\t\t<span class=\"elementor-post-date\">\n\t\t\t27 de mar\u00e7 de 2026\t\t<\/span>\n\t\t\t\t<span class=\"elementor-post-avatar\">\n\t\t\tNo hi ha comentaris\t\t<\/span>\n\t\t\t\t<\/div>\n\t\t\t\t\t<\/div>\n\t\t<\/article>\n\t\t\t\t<article class=\"elementor-post elementor-grid-item post-282 post type-post status-publish format-standard has-post-thumbnail hentry category-noticias-goep category-noticias-laboral\" role=\"listitem\">\n\t\t\t<div class=\"elementor-post__card\">\n\t\t\t\t<a class=\"elementor-post__thumbnail__link\" href=\"https:\/\/asesoriagoep.com\/ca\/situacion-actual-de-la-reduccion-de-la-jornada-a-375-horas-y-el-futuro-del-registro-horario-digital\/\" tabindex=\"-1\" ><div class=\"elementor-post__thumbnail\"><img loading=\"lazy\" decoding=\"async\" width=\"300\" height=\"200\" src=\"https:\/\/asesoriagoep.com\/wp-content\/uploads\/2025\/10\/Reduccion-de-jornada-300x200.jpg\" class=\"attachment-medium size-medium wp-image-1680\" alt=\"\" srcset=\"https:\/\/asesoriagoep.com\/wp-content\/uploads\/2025\/10\/Reduccion-de-jornada-300x200.jpg 300w, https:\/\/asesoriagoep.com\/wp-content\/uploads\/2025\/10\/Reduccion-de-jornada.jpg 640w\" sizes=\"(max-width: 300px) 100vw, 300px\" \/><\/div><\/a>\n\t\t\t\t<div class=\"elementor-post__text\">\n\t\t\t\t<h3 class=\"elementor-post__title\">\n\t\t\t<a href=\"https:\/\/asesoriagoep.com\/ca\/situacion-actual-de-la-reduccion-de-la-jornada-a-375-horas-y-el-futuro-del-registro-horario-digital\/\" >\n\t\t\t\tEstat actual de la reducci\u00f3 de la setmana laboral a 37,5 hores i el futur del registre digital del temps\t\t\t<\/a>\n\t\t<\/h3>\n\t\t\t\t<div class=\"elementor-post__excerpt\">\n\t\t\t<p>En els darrers mesos, el debat sobre q\u00fcestions laborals a Espanya s'ha centrat en dues q\u00fcestions clau: la possible reducci\u00f3 de la setmana laboral m\u00e0xima a<\/p>\n\t\t<\/div>\n\t\t\n\t\t<a class=\"elementor-post__read-more\" href=\"https:\/\/asesoriagoep.com\/ca\/situacion-actual-de-la-reduccion-de-la-jornada-a-375-horas-y-el-futuro-del-registro-horario-digital\/\" aria-label=\"Read more about Situaci\u00f3n actual de la reducci\u00f3n de la jornada a 37,5 horas y el futuro del registro horario digital\" tabindex=\"-1\" >\n\t\t\tLlegir m\u00e9s \u00bb\t\t<\/a>\n\n\t\t\t\t<\/div>\n\t\t\t\t<div class=\"elementor-post__meta-data\">\n\t\t\t\t\t<span class=\"elementor-post-date\">\n\t\t\t2 d'octubre de 2025\t\t<\/span>\n\t\t\t\t<span class=\"elementor-post-avatar\">\n\t\t\tNo hi ha comentaris\t\t<\/span>\n\t\t\t\t<\/div>\n\t\t\t\t\t<\/div>\n\t\t<\/article>\n\t\t\t\t<article class=\"elementor-post elementor-grid-item post-280 post type-post status-publish format-standard has-post-thumbnail hentry category-noticias-goep category-noticias-laboral\" role=\"listitem\">\n\t\t\t<div class=\"elementor-post__card\">\n\t\t\t\t<a class=\"elementor-post__thumbnail__link\" href=\"https:\/\/asesoriagoep.com\/ca\/fiestas-laborales-2026-publicacion-oficial-y-recordatorio-de-obligaciones-empresariales\/\" tabindex=\"-1\" ><div class=\"elementor-post__thumbnail\"><img loading=\"lazy\" decoding=\"async\" width=\"300\" height=\"200\" src=\"https:\/\/asesoriagoep.com\/wp-content\/uploads\/2025\/10\/fiestas-laborales-300x200.jpg\" class=\"attachment-medium size-medium wp-image-1682\" alt=\"\" srcset=\"https:\/\/asesoriagoep.com\/wp-content\/uploads\/2025\/10\/fiestas-laborales-300x200.jpg 300w, https:\/\/asesoriagoep.com\/wp-content\/uploads\/2025\/10\/fiestas-laborales.jpg 640w\" sizes=\"(max-width: 300px) 100vw, 300px\" \/><\/div><\/a>\n\t\t\t\t<div class=\"elementor-post__text\">\n\t\t\t\t<h3 class=\"elementor-post__title\">\n\t\t\t<a href=\"https:\/\/asesoriagoep.com\/ca\/fiestas-laborales-2026-publicacion-oficial-y-recordatorio-de-obligaciones-empresariales\/\" >\n\t\t\t\tDies festius del 2026: anunci oficial i recordatori de les obligacions dels empresaris\t\t\t<\/a>\n\t\t<\/h3>\n\t\t\t\t<div class=\"elementor-post__excerpt\">\n\t\t\t<p>La Gazeta Oficial de l'Estat (BOE) ha publicat la Resoluci\u00f3 de 17 d'octubre de 2025 dictada per la Direcci\u00f3 General de Treball, per la qual<\/p>\n\t\t<\/div>\n\t\t\n\t\t<a class=\"elementor-post__read-more\" href=\"https:\/\/asesoriagoep.com\/ca\/fiestas-laborales-2026-publicacion-oficial-y-recordatorio-de-obligaciones-empresariales\/\" aria-label=\"Read more about Fiestas laborales 2026: publicaci\u00f3n oficial y recordatorio de obligaciones empresariales\" tabindex=\"-1\" >\n\t\t\tLlegir m\u00e9s \u00bb\t\t<\/a>\n\n\t\t\t\t<\/div>\n\t\t\t\t<div class=\"elementor-post__meta-data\">\n\t\t\t\t\t<span class=\"elementor-post-date\">\n\t\t\t2 d'octubre de 2025\t\t<\/span>\n\t\t\t\t<span class=\"elementor-post-avatar\">\n\t\t\tNo hi ha comentaris\t\t<\/span>\n\t\t\t\t<\/div>\n\t\t\t\t\t<\/div>\n\t\t<\/article>\n\t\t\t\t<article class=\"elementor-post elementor-grid-item post-1 post type-post status-publish format-standard has-post-thumbnail hentry category-noticias-fiscal category-noticias-goep\" role=\"listitem\">\n\t\t\t<div class=\"elementor-post__card\">\n\t\t\t\t<a class=\"elementor-post__thumbnail__link\" href=\"https:\/\/asesoriagoep.com\/ca\/factura-electronica-y-sistema-verifactu\/\" tabindex=\"-1\" ><div class=\"elementor-post__thumbnail\"><img decoding=\"async\" width=\"300\" height=\"200\" src=\"https:\/\/asesoriagoep.com\/wp-content\/uploads\/2025\/10\/Verifactu-300x200.jpg\" class=\"attachment-medium size-medium wp-image-1683\" alt=\"\" srcset=\"https:\/\/asesoriagoep.com\/wp-content\/uploads\/2025\/10\/Verifactu-300x200.jpg 300w, https:\/\/asesoriagoep.com\/wp-content\/uploads\/2025\/10\/Verifactu.jpg 640w\" sizes=\"(max-width: 300px) 100vw, 300px\" \/><\/div><\/a>\n\t\t\t\t<div class=\"elementor-post__text\">\n\t\t\t\t<h3 class=\"elementor-post__title\">\n\t\t\t<a href=\"https:\/\/asesoriagoep.com\/ca\/factura-electronica-y-sistema-verifactu\/\" >\n\t\t\t\tFacturaci\u00f3 electr\u00f2nica i el sistema VERIFACTU: tot el que la vostra empresa necessita saber per al 2025\u20132027*\t\t\t<\/a>\n\t\t<\/h3>\n\t\t\t\t<div class=\"elementor-post__excerpt\">\n\t\t\t<p>La digitalitzaci\u00f3 de la facturaci\u00f3 a Espanya ja \u00e9s una realitat. Durant els darrers mesos, l'Ag\u00e8ncia Tribut\u00e0ria i el Govern han estat definint el<\/p>\n\t\t<\/div>\n\t\t\n\t\t<a class=\"elementor-post__read-more\" href=\"https:\/\/asesoriagoep.com\/ca\/factura-electronica-y-sistema-verifactu\/\" aria-label=\"Read more about Factura electr\u00f3nica y sistema VERIFACTU: todo lo que tu negocio debe saber en 2025\u20132027*\" tabindex=\"-1\" >\n\t\t\tLlegir m\u00e9s \u00bb\t\t<\/a>\n\n\t\t\t\t<\/div>\n\t\t\t\t<div class=\"elementor-post__meta-data\">\n\t\t\t\t\t<span class=\"elementor-post-date\">\n\t\t\t1 d'octubre de 2025\t\t<\/span>\n\t\t\t\t<span class=\"elementor-post-avatar\">\n\t\t\t1 comentari\t\t<\/span>\n\t\t\t\t<\/div>\n\t\t\t\t\t<\/div>\n\t\t<\/article>\n\t\t\t\t<\/div>\n\t\t\n\t\t\t\t\t\t<\/div>\n\t\t\t\t<\/div>\n\t\t\t\t<div class=\"elementor-element elementor-element-f58d403 elementor-widget elementor-widget-spacer\" data-id=\"f58d403\" data-element_type=\"widget\" data-e-type=\"widget\" data-settings=\"{&quot;ekit_we_effect_on&quot;:&quot;none&quot;}\" data-widget_type=\"spacer.default\">\n\t\t\t\t\t\t\t<div class=\"elementor-spacer\">\n\t\t\t<div class=\"elementor-spacer-inner\"><\/div>\n\t\t<\/div>\n\t\t\t\t\t\t<\/div>\n\t\t\t\t\t<\/div>\n\t\t<\/div>\n\t\t\t\t\t<\/div>\n\t\t<\/section>\n\t\t\t\t<\/div>","protected":false},"excerpt":{"rendered":"<p>Asesor\u00eda GOEP Bienvenido al blog de GOEP En este espacio compartimos informaci\u00f3n pr\u00e1ctica, novedades y consejos en materia fiscal, laboral, contable, mercantil y jur\u00eddica. Nuestro objetivo es mantenerte siempre al d\u00eda con los cambios normativos y ofrecerte soluciones claras que te ayuden a tomar mejores decisiones. Asesor\u00eda GOEP Noticias Econom\u00eda Noticias Fiscal Noticias GOEP Promociones [&hellip;]<\/p>\n","protected":false},"author":1,"featured_media":0,"parent":0,"menu_order":0,"comment_status":"closed","ping_status":"closed","template":"","meta":{"_acf_changed":false,"footnotes":""},"class_list":["post-138","page","type-page","status-publish","hentry"],"acf":[],"_links":{"self":[{"href":"https:\/\/asesoriagoep.com\/ca\/wp-json\/wp\/v2\/pages\/138","targetHints":{"allow":["GET"]}}],"collection":[{"href":"https:\/\/asesoriagoep.com\/ca\/wp-json\/wp\/v2\/pages"}],"about":[{"href":"https:\/\/asesoriagoep.com\/ca\/wp-json\/wp\/v2\/types\/page"}],"author":[{"embeddable":true,"href":"https:\/\/asesoriagoep.com\/ca\/wp-json\/wp\/v2\/users\/1"}],"replies":[{"embeddable":true,"href":"https:\/\/asesoriagoep.com\/ca\/wp-json\/wp\/v2\/comments?post=138"}],"version-history":[{"count":79,"href":"https:\/\/asesoriagoep.com\/ca\/wp-json\/wp\/v2\/pages\/138\/revisions"}],"predecessor-version":[{"id":1980,"href":"https:\/\/asesoriagoep.com\/ca\/wp-json\/wp\/v2\/pages\/138\/revisions\/1980"}],"wp:attachment":[{"href":"https:\/\/asesoriagoep.com\/ca\/wp-json\/wp\/v2\/media?parent=138"}],"curies":[{"name":"wp","href":"https:\/\/api.w.org\/{rel}","templated":true}]}}